{"id":750,"date":"2020-04-23T17:51:30","date_gmt":"2020-04-23T14:51:30","guid":{"rendered":"https:\/\/www.taivassalo-seura.fi\/?page_id=750"},"modified":"2020-04-24T12:18:32","modified_gmt":"2020-04-24T09:18:32","slug":"merenkulkuhuone","status":"publish","type":"page","link":"https:\/\/www.taivassalo-seura.fi\/?page_id=750","title":{"rendered":"Merenkulkuhuone"},"content":{"rendered":"\t\t<div data-elementor-type=\"wp-page\" data-elementor-id=\"750\" class=\"elementor elementor-750\">\n\t\t\t\t\t\t<section class=\"elementor-section elementor-top-section elementor-element elementor-element-7124bb9b elementor-section-boxed elementor-section-height-default elementor-section-height-default\" data-id=\"7124bb9b\" data-element_type=\"section\">\n\t\t\t\t\t\t<div class=\"elementor-container elementor-column-gap-default\">\n\t\t\t\t\t<div class=\"elementor-column elementor-col-100 elementor-top-column elementor-element elementor-element-78d04ab0\" data-id=\"78d04ab0\" data-element_type=\"column\">\n\t\t\t<div class=\"elementor-widget-wrap elementor-element-populated\">\n\t\t\t\t\t\t<div class=\"elementor-element elementor-element-456e8a83 elementor-widget elementor-widget-heading\" data-id=\"456e8a83\" data-element_type=\"widget\" data-widget_type=\"heading.default\">\n\t\t\t\t<div class=\"elementor-widget-container\">\n\t\t\t<h2 class=\"elementor-heading-title elementor-size-default\">Merenkulkuhuone<\/h2>\t\t<\/div>\n\t\t\t\t<\/div>\n\t\t\t\t\t<\/div>\n\t\t<\/div>\n\t\t\t\t\t<\/div>\n\t\t<\/section>\n\t\t\t\t<section class=\"elementor-section elementor-top-section elementor-element elementor-element-27570aa8 elementor-section-boxed elementor-section-height-default elementor-section-height-default\" data-id=\"27570aa8\" data-element_type=\"section\">\n\t\t\t\t\t\t<div class=\"elementor-container elementor-column-gap-default\">\n\t\t\t\t\t<div class=\"elementor-column elementor-col-100 elementor-top-column elementor-element elementor-element-480ca929\" data-id=\"480ca929\" data-element_type=\"column\">\n\t\t\t<div class=\"elementor-widget-wrap elementor-element-populated\">\n\t\t\t\t\t\t<div class=\"elementor-element elementor-element-ff25aa8 elementor-widget elementor-widget-text-editor\" data-id=\"ff25aa8\" data-element_type=\"widget\" data-widget_type=\"text-editor.default\">\n\t\t\t\t<div class=\"elementor-widget-container\">\n\t\t\t\t\t\t\t<p class=\"western\">Kartanoaikaan t\u00e4st\u00e4 huoneesta on k\u00e4ytetty nime\u00e4 kuninkaankamari, koska kuningas Kustaa IV Aadolf y\u00f6pyi t\u00e4\u00e4ll\u00e4 k\u00e4ydess\u00e4\u00e4n Suomessa 1800-luvun alkuvuosina. K\u00e4ynnin kunniaksi huoneen tapetit ja uuni koristettiin kuninkaan kruunuilla. Uunissa ovat koristeet n\u00e4kyviss\u00e4, mutta tapetit on poistettu tai peitetty uudella paperilla.<\/p><p>Nykyisin huoneessa esitell\u00e4\u00e4n merenkulkua niin saaristossa, rannikoilla kuin valtamerill\u00e4kin esineiden ja valokuvien avulla. Alastor-parkkilaivan mallin on tehnyt taivassalolainen merimies, joka purjehti t\u00e4ss\u00e4 laivassa. Pulloon rakennettu laivan pienoismalli oli tavallinen puhdety\u00f6, sit\u00e4 vastoin harvinaisempi on kehystetty purjelaivan puolikasmalli. Kaksi simpukoin koristeltua rasiaa ovat tuliaisia ulkomailta. Merikapteeni F.S. Gustafssonin j\u00e4\u00e4mist\u00f6st\u00e4 ovat per\u00e4isin kaukoputki, kiikarikotelo, merimiess\u00e4kki ja kaksi sein\u00e4ll\u00e4 olevaa valokuvaa. P\u00f6yd\u00e4ll\u00e4 on n\u00e4ht\u00e4viss\u00e4 malspiikki, neulakotelo ja -hanska, ja tilkitysvasara. Merimiess\u00e4kit olivat tavallaan merimiesten matkalaukkuja.<\/p><p>Parturin ty\u00f6v\u00e4lineet ja kalusteet on saatu parturi-kampaaja Salli Larjamalta, ty\u00f6kaluja ja valokuvia h\u00e4nen miehelt\u00e4\u00e4n, Yrj\u00f6 Larjamalta. Huoneessa on my\u00f6s kutomakone, jota kutoja Alma Laaksonen k\u00e4ytti, p\u00e4\u00e4asiassa villavaatteiden tekoon.<\/p>\t\t\t\t\t\t<\/div>\n\t\t\t\t<\/div>\n\t\t\t\t\t<\/div>\n\t\t<\/div>\n\t\t\t\t\t<\/div>\n\t\t<\/section>\n\t\t\t\t<section class=\"elementor-section elementor-top-section elementor-element elementor-element-1c277837 elementor-section-boxed elementor-section-height-default elementor-section-height-default\" data-id=\"1c277837\" data-element_type=\"section\">\n\t\t\t\t\t\t<div class=\"elementor-container elementor-column-gap-default\">\n\t\t\t\t\t<div class=\"elementor-column elementor-col-100 elementor-top-column elementor-element elementor-element-4eedb566\" data-id=\"4eedb566\" data-element_type=\"column\">\n\t\t\t<div class=\"elementor-widget-wrap elementor-element-populated\">\n\t\t\t\t\t\t<section class=\"elementor-section elementor-inner-section elementor-element elementor-element-457a100c elementor-section-boxed elementor-section-height-default elementor-section-height-default\" data-id=\"457a100c\" data-element_type=\"section\">\n\t\t\t\t\t\t<div class=\"elementor-container elementor-column-gap-default\">\n\t\t\t\t\t<div class=\"elementor-column elementor-col-50 elementor-inner-column elementor-element elementor-element-6a40ded5\" data-id=\"6a40ded5\" data-element_type=\"column\">\n\t\t\t<div class=\"elementor-widget-wrap elementor-element-populated\">\n\t\t\t\t\t\t<div class=\"elementor-element elementor-element-1bf0624c elementor-widget elementor-widget-button\" data-id=\"1bf0624c\" data-element_type=\"widget\" data-widget_type=\"button.default\">\n\t\t\t\t<div class=\"elementor-widget-container\">\n\t\t\t\t\t<div class=\"elementor-button-wrapper\">\n\t\t\t<a class=\"elementor-button elementor-button-link elementor-size-sm\" href=\"https:\/\/www.taivassalo-seura.fi\/?page_id=747\">\n\t\t\t\t\t\t<span class=\"elementor-button-content-wrapper\">\n\t\t\t\t\t\t\t\t\t<span class=\"elementor-button-text\">Sotamuistohuone<\/span>\n\t\t\t\t\t<\/span>\n\t\t\t\t\t<\/a>\n\t\t<\/div>\n\t\t\t\t<\/div>\n\t\t\t\t<\/div>\n\t\t\t\t\t<\/div>\n\t\t<\/div>\n\t\t\t\t<div class=\"elementor-column elementor-col-50 elementor-inner-column elementor-element elementor-element-6f1b857\" data-id=\"6f1b857\" data-element_type=\"column\">\n\t\t\t<div class=\"elementor-widget-wrap elementor-element-populated\">\n\t\t\t\t\t\t<div class=\"elementor-element elementor-element-6b98021d elementor-align-right elementor-widget elementor-widget-button\" data-id=\"6b98021d\" data-element_type=\"widget\" data-widget_type=\"button.default\">\n\t\t\t\t<div class=\"elementor-widget-container\">\n\t\t\t\t\t<div class=\"elementor-button-wrapper\">\n\t\t\t<a class=\"elementor-button elementor-button-link elementor-size-sm\" href=\"https:\/\/www.taivassalo-seura.fi\/?page_id=760\">\n\t\t\t\t\t\t<span class=\"elementor-button-content-wrapper\">\n\t\t\t\t\t\t\t\t\t<span class=\"elementor-button-text\">Suutarinverstas<\/span>\n\t\t\t\t\t<\/span>\n\t\t\t\t\t<\/a>\n\t\t<\/div>\n\t\t\t\t<\/div>\n\t\t\t\t<\/div>\n\t\t\t\t\t<\/div>\n\t\t<\/div>\n\t\t\t\t\t<\/div>\n\t\t<\/section>\n\t\t\t\t\t<\/div>\n\t\t<\/div>\n\t\t\t\t\t<\/div>\n\t\t<\/section>\n\t\t\t\t<\/div>\n\t\t","protected":false},"excerpt":{"rendered":"<p>Merenkulkuhuone Kartanoaikaan t\u00e4st\u00e4 huoneesta on k\u00e4ytetty nime\u00e4 kuninkaankamari, koska kuningas Kustaa IV Aadolf y\u00f6pyi t\u00e4\u00e4ll\u00e4 k\u00e4ydess\u00e4\u00e4n Suomessa 1800-luvun alkuvuosina. K\u00e4ynnin kunniaksi huoneen tapetit ja uuni koristettiin kuninkaan kruunuilla. Uunissa ovat koristeet n\u00e4kyviss\u00e4, mutta tapetit on poistettu tai peitetty uudella paperilla. Nykyisin huoneessa esitell\u00e4\u00e4n merenkulkua niin saaristossa, rannikoilla kuin valtamerill\u00e4kin esineiden ja valokuvien avulla. Alastor-parkkilaivan mallin &hellip; <\/p>\n<p class=\"link-more\"><a href=\"https:\/\/www.taivassalo-seura.fi\/?page_id=750\" class=\"more-link\">Jatka lukemista<span class=\"screen-reader-text\"> &#8221;Merenkulkuhuone&#8221;<\/span><\/a><\/p>\n","protected":false},"author":1,"featured_media":0,"parent":0,"menu_order":0,"comment_status":"closed","ping_status":"closed","template":"","meta":{"footnotes":""},"_links":{"self":[{"href":"https:\/\/www.taivassalo-seura.fi\/index.php?rest_route=\/wp\/v2\/pages\/750"}],"collection":[{"href":"https:\/\/www.taivassalo-seura.fi\/index.php?rest_route=\/wp\/v2\/pages"}],"about":[{"href":"https:\/\/www.taivassalo-seura.fi\/index.php?rest_route=\/wp\/v2\/types\/page"}],"author":[{"embeddable":true,"href":"https:\/\/www.taivassalo-seura.fi\/index.php?rest_route=\/wp\/v2\/users\/1"}],"replies":[{"embeddable":true,"href":"https:\/\/www.taivassalo-seura.fi\/index.php?rest_route=%2Fwp%2Fv2%2Fcomments&post=750"}],"version-history":[{"count":6,"href":"https:\/\/www.taivassalo-seura.fi\/index.php?rest_route=\/wp\/v2\/pages\/750\/revisions"}],"predecessor-version":[{"id":822,"href":"https:\/\/www.taivassalo-seura.fi\/index.php?rest_route=\/wp\/v2\/pages\/750\/revisions\/822"}],"wp:attachment":[{"href":"https:\/\/www.taivassalo-seura.fi\/index.php?rest_route=%2Fwp%2Fv2%2Fmedia&parent=750"}],"curies":[{"name":"wp","href":"https:\/\/api.w.org\/{rel}","templated":true}]}}