{"id":695,"date":"2020-04-20T12:11:51","date_gmt":"2020-04-20T09:11:51","guid":{"rendered":"https:\/\/www.taivassalo-seura.fi\/?page_id=695"},"modified":"2020-04-29T06:18:31","modified_gmt":"2020-04-29T03:18:31","slug":"piiankamari","status":"publish","type":"page","link":"https:\/\/www.taivassalo-seura.fi\/?page_id=695","title":{"rendered":"Piiankamari"},"content":{"rendered":"\t\t<div data-elementor-type=\"wp-page\" data-elementor-id=\"695\" class=\"elementor elementor-695\">\n\t\t\t\t\t\t<section class=\"elementor-section elementor-top-section elementor-element elementor-element-3a26246 elementor-section-boxed elementor-section-height-default elementor-section-height-default\" data-id=\"3a26246\" data-element_type=\"section\">\n\t\t\t\t\t\t<div class=\"elementor-container elementor-column-gap-default\">\n\t\t\t\t\t<div class=\"elementor-column elementor-col-100 elementor-top-column elementor-element elementor-element-806e2c1\" data-id=\"806e2c1\" data-element_type=\"column\">\n\t\t\t<div class=\"elementor-widget-wrap elementor-element-populated\">\n\t\t\t\t\t\t<div class=\"elementor-element elementor-element-0f95f50 elementor-widget elementor-widget-heading\" data-id=\"0f95f50\" data-element_type=\"widget\" data-widget_type=\"heading.default\">\n\t\t\t\t<div class=\"elementor-widget-container\">\n\t\t\t<h2 class=\"elementor-heading-title elementor-size-default\">Piiankamari<\/h2>\t\t<\/div>\n\t\t\t\t<\/div>\n\t\t\t\t\t<\/div>\n\t\t<\/div>\n\t\t\t\t\t<\/div>\n\t\t<\/section>\n\t\t\t\t<section class=\"elementor-section elementor-top-section elementor-element elementor-element-62b5b65 elementor-section-boxed elementor-section-height-default elementor-section-height-default\" data-id=\"62b5b65\" data-element_type=\"section\">\n\t\t\t\t\t\t<div class=\"elementor-container elementor-column-gap-default\">\n\t\t\t\t\t<div class=\"elementor-column elementor-col-100 elementor-top-column elementor-element elementor-element-d55ffdd\" data-id=\"d55ffdd\" data-element_type=\"column\">\n\t\t\t<div class=\"elementor-widget-wrap elementor-element-populated\">\n\t\t\t\t\t\t<div class=\"elementor-element elementor-element-14768a2 elementor-widget elementor-widget-text-editor\" data-id=\"14768a2\" data-element_type=\"widget\" data-widget_type=\"text-editor.default\">\n\t\t\t\t<div class=\"elementor-widget-container\">\n\t\t\t\t\t\t\t<p class=\"western\">T\u00e4m\u00e4n huoneen irtaimisto on suurimmaksi osaksi talonpoikaista tyyli\u00e4 ja vastaa miltei entist\u00e4 k\u00e4ytt\u00f6tarkoitusta. Sivustavedett\u00e4v\u00e4 s\u00e4nky on 1800-luvulta, samoin rengin kaappi. P\u00f6yd\u00e4ll\u00e4 on kirjoitusv\u00e4lineiden s\u00e4ilytyslipas vuodelta 1793, kirjateline ja kynttil\u00e4njalka, joka muistuttaa empiretyylisi\u00e4, hopeasta tai tinasta tehtyj\u00e4.<\/p>\n<p>Lipaston kipsikoira ja -kissa ovat englantilaisten posliini el\u00e4inten j\u00e4ljitelmi\u00e4. Aikanaan my\u00f6s s\u00e4\u00e4st\u00f6possuina k\u00e4ytetyt esineet tulivat merimiesten mukana matkamuistoina. Ikkunalle asetettuina ne saattoivat &#8221;katsoa&#8221; joko sis\u00e4\u00e4n tai ulos riippuen siit\u00e4, oliko merimies kotona tai merill\u00e4.<\/p>\n<p>S\u00e4ngyn alla n\u00e4kyvi\u00e4 puukenki\u00e4 k\u00e4yttiv\u00e4t niin naiset kuin miehetkin. Ikkunasein\u00e4ll\u00e4 olevat kaksi taulua on maalattu Kiinassa. Leve\u00e4py\u00f6r\u00e4inen rukki on saatu Vihtoriina Salovaaralta ja on ollut k\u00e4yt\u00f6ss\u00e4 viel\u00e4 viime sotien aikana.<\/p>\t\t\t\t\t\t<\/div>\n\t\t\t\t<\/div>\n\t\t\t\t\t<\/div>\n\t\t<\/div>\n\t\t\t\t\t<\/div>\n\t\t<\/section>\n\t\t\t\t<section class=\"elementor-section elementor-top-section elementor-element elementor-element-638397c elementor-section-boxed elementor-section-height-default elementor-section-height-default\" data-id=\"638397c\" data-element_type=\"section\">\n\t\t\t\t\t\t<div class=\"elementor-container elementor-column-gap-default\">\n\t\t\t\t\t<div class=\"elementor-column elementor-col-100 elementor-top-column elementor-element elementor-element-73d13c12\" data-id=\"73d13c12\" data-element_type=\"column\">\n\t\t\t<div class=\"elementor-widget-wrap elementor-element-populated\">\n\t\t\t\t\t\t<section class=\"elementor-section elementor-inner-section elementor-element elementor-element-27c4709b elementor-section-boxed elementor-section-height-default elementor-section-height-default\" data-id=\"27c4709b\" data-element_type=\"section\">\n\t\t\t\t\t\t<div class=\"elementor-container elementor-column-gap-default\">\n\t\t\t\t\t<div class=\"elementor-column elementor-col-50 elementor-inner-column elementor-element elementor-element-5605f2c5\" data-id=\"5605f2c5\" data-element_type=\"column\">\n\t\t\t<div class=\"elementor-widget-wrap elementor-element-populated\">\n\t\t\t\t\t\t<div class=\"elementor-element elementor-element-4f7cc388 elementor-widget elementor-widget-button\" data-id=\"4f7cc388\" data-element_type=\"widget\" data-widget_type=\"button.default\">\n\t\t\t\t<div class=\"elementor-widget-container\">\n\t\t\t\t\t<div class=\"elementor-button-wrapper\">\n\t\t\t<a class=\"elementor-button elementor-button-link elementor-size-sm\" href=\"https:\/\/www.taivassalo-seura.fi\/?page_id=691\">\n\t\t\t\t\t\t<span class=\"elementor-button-content-wrapper\">\n\t\t\t\t\t\t\t\t\t<span class=\"elementor-button-text\">Ruokasali<\/span>\n\t\t\t\t\t<\/span>\n\t\t\t\t\t<\/a>\n\t\t<\/div>\n\t\t\t\t<\/div>\n\t\t\t\t<\/div>\n\t\t\t\t\t<\/div>\n\t\t<\/div>\n\t\t\t\t<div class=\"elementor-column elementor-col-50 elementor-inner-column elementor-element elementor-element-1da21942\" data-id=\"1da21942\" data-element_type=\"column\">\n\t\t\t<div class=\"elementor-widget-wrap elementor-element-populated\">\n\t\t\t\t\t\t<div class=\"elementor-element elementor-element-60973474 elementor-align-right elementor-widget elementor-widget-button\" data-id=\"60973474\" data-element_type=\"widget\" data-widget_type=\"button.default\">\n\t\t\t\t<div class=\"elementor-widget-container\">\n\t\t\t\t\t<div class=\"elementor-button-wrapper\">\n\t\t\t<a class=\"elementor-button elementor-button-link elementor-size-sm\" href=\"https:\/\/www.taivassalo-seura.fi\/?page_id=700\">\n\t\t\t\t\t\t<span class=\"elementor-button-content-wrapper\">\n\t\t\t\t\t\t\t\t\t<span class=\"elementor-button-text\">Keitti\u00f6<\/span>\n\t\t\t\t\t<\/span>\n\t\t\t\t\t<\/a>\n\t\t<\/div>\n\t\t\t\t<\/div>\n\t\t\t\t<\/div>\n\t\t\t\t\t<\/div>\n\t\t<\/div>\n\t\t\t\t\t<\/div>\n\t\t<\/section>\n\t\t\t\t\t<\/div>\n\t\t<\/div>\n\t\t\t\t\t<\/div>\n\t\t<\/section>\n\t\t\t\t<\/div>\n\t\t","protected":false},"excerpt":{"rendered":"<p>Piiankamari T\u00e4m\u00e4n huoneen irtaimisto on suurimmaksi osaksi talonpoikaista tyyli\u00e4 ja vastaa miltei entist\u00e4 k\u00e4ytt\u00f6tarkoitusta. Sivustavedett\u00e4v\u00e4 s\u00e4nky on 1800-luvulta, samoin rengin kaappi. P\u00f6yd\u00e4ll\u00e4 on kirjoitusv\u00e4lineiden s\u00e4ilytyslipas vuodelta 1793, kirjateline ja kynttil\u00e4njalka, joka muistuttaa empiretyylisi\u00e4, hopeasta tai tinasta tehtyj\u00e4. Lipaston kipsikoira ja -kissa ovat englantilaisten posliini el\u00e4inten j\u00e4ljitelmi\u00e4. Aikanaan my\u00f6s s\u00e4\u00e4st\u00f6possuina k\u00e4ytetyt esineet tulivat merimiesten mukana matkamuistoina. &hellip; <\/p>\n<p class=\"link-more\"><a href=\"https:\/\/www.taivassalo-seura.fi\/?page_id=695\" class=\"more-link\">Jatka lukemista<span class=\"screen-reader-text\"> &#8221;Piiankamari&#8221;<\/span><\/a><\/p>\n","protected":false},"author":1,"featured_media":0,"parent":0,"menu_order":0,"comment_status":"closed","ping_status":"closed","template":"","meta":{"footnotes":""},"_links":{"self":[{"href":"https:\/\/www.taivassalo-seura.fi\/index.php?rest_route=\/wp\/v2\/pages\/695"}],"collection":[{"href":"https:\/\/www.taivassalo-seura.fi\/index.php?rest_route=\/wp\/v2\/pages"}],"about":[{"href":"https:\/\/www.taivassalo-seura.fi\/index.php?rest_route=\/wp\/v2\/types\/page"}],"author":[{"embeddable":true,"href":"https:\/\/www.taivassalo-seura.fi\/index.php?rest_route=\/wp\/v2\/users\/1"}],"replies":[{"embeddable":true,"href":"https:\/\/www.taivassalo-seura.fi\/index.php?rest_route=%2Fwp%2Fv2%2Fcomments&post=695"}],"version-history":[{"count":4,"href":"https:\/\/www.taivassalo-seura.fi\/index.php?rest_route=\/wp\/v2\/pages\/695\/revisions"}],"predecessor-version":[{"id":879,"href":"https:\/\/www.taivassalo-seura.fi\/index.php?rest_route=\/wp\/v2\/pages\/695\/revisions\/879"}],"wp:attachment":[{"href":"https:\/\/www.taivassalo-seura.fi\/index.php?rest_route=%2Fwp%2Fv2%2Fmedia&parent=695"}],"curies":[{"name":"wp","href":"https:\/\/api.w.org\/{rel}","templated":true}]}}