{"id":614,"date":"2020-04-11T20:41:58","date_gmt":"2020-04-11T17:41:58","guid":{"rendered":"http:\/\/www.taivassalo-seura.fi\/?page_id=614"},"modified":"2020-04-11T20:41:58","modified_gmt":"2020-04-11T17:41:58","slug":"60-vuotta-kotiseututyon-hyvaksi","status":"publish","type":"page","link":"https:\/\/www.taivassalo-seura.fi\/?page_id=614","title":{"rendered":"60 vuotta kotiseututy\u00f6n hyv\u00e4ksi"},"content":{"rendered":"\n<p><strong>Taivassalon kunnan historiaa ja perinteit\u00e4 vaaliva Taivassalo-Seura viett\u00e4\u00e4 t\u00e4n\u00e4 vuonna 60-vuotisjuhlavuottaan. Seura yll\u00e4pit\u00e4\u00e4 kes\u00e4m\u00f6kkil\u00e4istenkin suosiossa olevassa kunnassa Taivassalon museota eli Viiasten kartanoa ja j\u00e4rjest\u00e4\u00e4 kes\u00e4ll\u00e4 erilaisia kulttuuritapahtumia p\u00e4\u00e4osin vapaaehtoisten voimin. Juhlavuoden p\u00e4\u00e4tapahtumaa on tarkoitus viett\u00e4\u00e4 kartanomuseolla 2. elokuuta, jolloin tulee kuluneeksi p\u00e4iv\u00e4lleen 50 vuotta museon avajaisista.<\/strong><\/p>\n\n\n\n<p><em>Vallitseva pandemia on pakottanut kes\u00e4n ohjelmasuunnittelun verkkoymp\u00e4rist\u00f6\u00f6n. Muilta osin suunnitelmat etenev\u00e4t kuitenkin normaalisti ja mahdolliset rajoitukset otetaan huomioon, mik\u00e4li niit\u00e4 viel\u00e4 on kes\u00e4kauden k\u00e4ynnistyess\u00e4.<\/em><br><br>Seuran aktiivit ovat kovia konkareita ja monet ovat tehneet ty\u00f6t\u00e4 kotiseutuyhdistyksess\u00e4 jo useita vuosikymmeni\u00e4. Seuran puheenjohtajana toimiva<strong> Inga Gr\u00f6nlund<\/strong> kertoo kotiseututy\u00f6n olevan l\u00e4hell\u00e4 syd\u00e4nt\u00e4.<br>&#8211; Taivassalon historiasta l\u00f6ytyy toinen toistaan mielenkiintoisempaa tarinaa ja alueen merkitys Suomen historiassa on vaikuttava. Oma sotilaallinen laivakunta, laivanrakennus ja kalastus sek\u00e4 kartanot ja rusthollit olivat arkip\u00e4iv\u00e4\u00e4 Taivassalossa, ja kunnan l\u00e4pi kulki my\u00f6s Suuri Postitie 1600-luvulta alkaen. Haluan olla osaltani s\u00e4ilytt\u00e4m\u00e4ss\u00e4 t\u00e4t\u00e4 rikasta historiaa ihmisten mieliss\u00e4.<\/p>\n\n\n\n<p><strong>Kotiseutup\u00e4ivien juhlapuhujana Juha Hurme<\/strong><\/p>\n\n\n\n<p>Toistaiseksi Viiasten kartanomuseo on tarkoitus avata yleis\u00f6lle kes\u00e4kuun alussa. Kes\u00e4lle on luvassa mm. n\u00e4yttelyit\u00e4 museon v\u00e4entuvassa, joka toimii my\u00f6s kahvilana. Juhlavuosi huipentuu 2. elokuuta Viiasten kartanolla pidett\u00e4viin kotiseutup\u00e4iviin. Tapahtuma sis\u00e4lt\u00e4\u00e4 monipuolisen kattauksen alueen historiaa, muun muassa erilaisten ty\u00f6n\u00e4yt\u00f6sten, n\u00e4yttelyiden ja esitysten voimin. Kartanomuseon puistossa pidet\u00e4\u00e4n my\u00f6s juhlajumalanpalvelus.<br>&#8211; Meill\u00e4 on kunnia saada kotiseutup\u00e4ivien juhlapuhujaksi Finlandia-palkittu kirjailija ja teatteriohjaaja <strong>Juha Hurme<\/strong>. Halusimme tilaisuuteen mukaan henkil\u00f6n, joka osaa arvostaa paikallishistorian vaalimista ja tuntee Suomen historiaa, jossa Taivassalollakin on merkitt\u00e4v\u00e4 osa. Sopivaa puhujaa ei tarvinnut mietti\u00e4 pitk\u00e4\u00e4n ja olemme iloisia, ett\u00e4 Hurme suostui vieraaksemme, Inga Gr\u00f6nlund kertoo.<\/p>\n\n\n\n<p><strong>Museo perehdytt\u00e4\u00e4 paikallishistoriaan<\/strong><\/p>\n\n\n\n<figure class=\"wp-block-image size-large\"><img fetchpriority=\"high\" decoding=\"async\" width=\"1024\" height=\"383\" src=\"http:\/\/www.taivassalo-seura.fi\/wp-content\/uploads\/2020\/04\/Taivassalon_museo-1024x383.jpg\" alt=\"\" class=\"wp-image-615\" srcset=\"https:\/\/www.taivassalo-seura.fi\/wp-content\/uploads\/2020\/04\/Taivassalon_museo-1024x383.jpg 1024w, https:\/\/www.taivassalo-seura.fi\/wp-content\/uploads\/2020\/04\/Taivassalon_museo-300x112.jpg 300w, https:\/\/www.taivassalo-seura.fi\/wp-content\/uploads\/2020\/04\/Taivassalon_museo-768x287.jpg 768w, https:\/\/www.taivassalo-seura.fi\/wp-content\/uploads\/2020\/04\/Taivassalon_museo.jpg 1092w\" sizes=\"(max-width: 767px) 89vw, (max-width: 1000px) 54vw, (max-width: 1071px) 543px, 580px\" \/><figcaption>Kartanomuseon nykyinen p\u00e4\u00e4rakennus on rakennettu 1779.<\/figcaption><\/figure>\n\n\n\n<p>50 vuotta t\u00e4ytt\u00e4v\u00e4n Taivassalon museon eli Viiasten kartanon historia alkaa 1370-luvulta. Kartanon omisti Garp-Karpelainen-Carpelan suku aina vuoteen 1796 saakka, jonka j\u00e4lkeen se siirtyi Wittfoothien suvulle. Kartanossa kerrotaan vierailleen ainakin Kustaa IV Adolf ja Kustaa Vaasa.<br><br>Taivassalo-Seura osti kartanon 1961 ja se avattiin yleis\u00f6lle museona 1970. Museon mittava 8 500 kappaleen esineist\u00f6 kertoo havainnollisella tavalla paikallisesta kartanokulttuurista ja historiasta, jossa erityisesti merenkulku ja kalastus ovat olleet t\u00e4rke\u00e4ss\u00e4 osassa. My\u00f6s puuastioiden valmistus on aina kuulunut Vakka-Suomeen, kuten nimikin kertoo. Puuastioita ja silakkaa riitti Taivassalosta vientiin asti ja esimerkiksi Tukholmaan vietiin parhaimpina kalavuosina 1 000 tynnyri\u00e4 silakkaa. Museosta l\u00f6ytyy my\u00f6s runsaasti eri ammattien esineist\u00f6\u00e4 ja mielenkiintoista kouluihin liittyv\u00e4\u00e4 tietoutta kiertokouluajoista alkaen.<br><em><br>Julkaistu 11.4.2020<\/em><\/p>\n","protected":false},"excerpt":{"rendered":"<p>Taivassalon kunnan historiaa ja perinteit\u00e4 vaaliva Taivassalo-Seura viett\u00e4\u00e4 t\u00e4n\u00e4 vuonna 60-vuotisjuhlavuottaan. Seura yll\u00e4pit\u00e4\u00e4 kes\u00e4m\u00f6kkil\u00e4istenkin suosiossa olevassa kunnassa Taivassalon museota eli Viiasten kartanoa ja j\u00e4rjest\u00e4\u00e4 kes\u00e4ll\u00e4 erilaisia kulttuuritapahtumia p\u00e4\u00e4osin vapaaehtoisten voimin. Juhlavuoden p\u00e4\u00e4tapahtumaa on tarkoitus viett\u00e4\u00e4 kartanomuseolla 2. elokuuta, jolloin tulee kuluneeksi p\u00e4iv\u00e4lleen 50 vuotta museon avajaisista. Vallitseva pandemia on pakottanut kes\u00e4n ohjelmasuunnittelun verkkoymp\u00e4rist\u00f6\u00f6n. Muilta osin &hellip; <\/p>\n<p class=\"link-more\"><a href=\"https:\/\/www.taivassalo-seura.fi\/?page_id=614\" class=\"more-link\">Jatka lukemista<span class=\"screen-reader-text\"> &#8221;60 vuotta kotiseututy\u00f6n hyv\u00e4ksi&#8221;<\/span><\/a><\/p>\n","protected":false},"author":5,"featured_media":0,"parent":0,"menu_order":0,"comment_status":"closed","ping_status":"closed","template":"","meta":{"footnotes":""},"_links":{"self":[{"href":"https:\/\/www.taivassalo-seura.fi\/index.php?rest_route=\/wp\/v2\/pages\/614"}],"collection":[{"href":"https:\/\/www.taivassalo-seura.fi\/index.php?rest_route=\/wp\/v2\/pages"}],"about":[{"href":"https:\/\/www.taivassalo-seura.fi\/index.php?rest_route=\/wp\/v2\/types\/page"}],"author":[{"embeddable":true,"href":"https:\/\/www.taivassalo-seura.fi\/index.php?rest_route=\/wp\/v2\/users\/5"}],"replies":[{"embeddable":true,"href":"https:\/\/www.taivassalo-seura.fi\/index.php?rest_route=%2Fwp%2Fv2%2Fcomments&post=614"}],"version-history":[{"count":1,"href":"https:\/\/www.taivassalo-seura.fi\/index.php?rest_route=\/wp\/v2\/pages\/614\/revisions"}],"predecessor-version":[{"id":616,"href":"https:\/\/www.taivassalo-seura.fi\/index.php?rest_route=\/wp\/v2\/pages\/614\/revisions\/616"}],"wp:attachment":[{"href":"https:\/\/www.taivassalo-seura.fi\/index.php?rest_route=%2Fwp%2Fv2%2Fmedia&parent=614"}],"curies":[{"name":"wp","href":"https:\/\/api.w.org\/{rel}","templated":true}]}}