{"id":45,"date":"2015-05-08T16:52:00","date_gmt":"2015-05-08T13:52:00","guid":{"rendered":"https:\/\/taivassalonmuseo.wordpress.com\/?page_id=45"},"modified":"2022-03-02T12:33:31","modified_gmt":"2022-03-02T10:33:31","slug":"viiasten-kartano","status":"publish","type":"page","link":"https:\/\/www.taivassalo-seura.fi\/?page_id=45","title":{"rendered":"Viiasten kartano"},"content":{"rendered":"<div class=\"eight columns  alpha\">\n<p><img fetchpriority=\"high\" decoding=\"async\" class=\"alignleft wp-image-161 size-medium\" src=\"https:\/\/taivassalonmuseo.files.wordpress.com\/2015\/05\/viiasten-kartano-pc3a4c3a4ty.png?w=300\" alt=\"Viiasten kartano p\u00e4\u00e4ty\" width=\"300\" height=\"200\" \/>Saksalaissyntyinen aatelismies Anders Garp sai Wiialan kyl\u00e4n maat haltuunsa 1370-luvulla. N\u00e4in sai alkunsa Viiasten kartano, joka oli Garp -Karpelainen &#8211; Carpelan suvulla 1374 &#8211; 1796. Nykyinen p\u00e4\u00e4rakennus on rakennettu 1779 &#8211; 1784 kartanon silloisen omistajan Gustaf Malmin ja h\u00e4nen Carpelan-sukuisen vaimonsa aikana. Rakennusmestarina oli Bertil Lustig. Alunperin rakennuksessa oli taitekatto ja punamullatut sein\u00e4t. Wittfooth-suvun aikana rakennusta muodinmukaistettiin. Henrik Gusaf Wittfooth (1796 &#8211; 1838) muutti taitekaton aumakatoksi, korotti pitkitt\u00e4isseini\u00e4 nykyiseen korkeuteen ja vaihtoi ikkunoiden kehykset my\u00f6h\u00e4isempiretyylisiksi. 1800-luvun lopulla aumakaton tilalle tuli satulakatto. Wittfooth-suvulle tila siirtyi vuoden 1796 j\u00e4lkeen. Wittfooth-suvun hallussa tila oli vuoteen 1960, jolloin jo purkutuomion saanut tila saatiin rahoitusj\u00e4rjestelyjen j\u00e4lkeen ostettua Taivassalo-Seuralle. Kymmenen vuotta my\u00f6hemmin vuonna 1970 museotoiminta p\u00e4\u00e4si alkamaan.<\/p>\n<p><img decoding=\"async\" class=\"size-medium wp-image-196 alignright lazyload\" data-src=\"https:\/\/taivassalonmuseo.files.wordpress.com\/2015\/05\/viiasten-kartano-sisc3a42-png.jpg?w=300\" alt=\"Viiasten kartano sis\u00e42.png\" width=\"300\" height=\"200\" src=\"data:image\/svg+xml;base64,PHN2ZyB3aWR0aD0iMSIgaGVpZ2h0PSIxIiB4bWxucz0iaHR0cDovL3d3dy53My5vcmcvMjAwMC9zdmciPjwvc3ZnPg==\" style=\"--smush-placeholder-width: 300px; --smush-placeholder-aspect-ratio: 300\/200;\" \/><\/p>\n<\/div>\n<p>Alakerran kahdeksan huonetta kalustuksineen ja esineist\u00f6ineen muodostavat kokonaisuuden, joka pyrkii kuvaamaan vanhaa kartanokulttuuria, jossa on my\u00f6s asuttu 1960-luvulle asti.<\/p>\n<p>Taivassalon historiassa merenkulku ja kalastus ovat esitt\u00e4neet t\u00e4rke\u00e4\u00e4 osaa. Kalastusta harjoittivat l\u00e4hes kaikki talolliset siin\u00e4 m\u00e4\u00e4rin, ett\u00e4 peltojen hoito laiminly\u00f6tiin tai j\u00e4tettiin naisv\u00e4en huoleksi. Yl\u00e4kerran merenkulkuhuoneessa voi tarkemmin tutustua mm. merikapteeni <strong>F.S. Gustafssonin<\/strong> lahjoittamaan j\u00e4\u00e4mist\u00f6\u00f6n. <img decoding=\"async\" class=\"size-medium wp-image-195 alignright lazyload\" data-src=\"https:\/\/taivassalonmuseo.files.wordpress.com\/2015\/05\/viiasten-kartano-sisc3a4-png.jpg?w=300\" alt=\"Viiasten kartano sis\u00e4.png\" width=\"300\" height=\"200\" src=\"data:image\/svg+xml;base64,PHN2ZyB3aWR0aD0iMSIgaGVpZ2h0PSIxIiB4bWxucz0iaHR0cDovL3d3dy53My5vcmcvMjAwMC9zdmciPjwvc3ZnPg==\" style=\"--smush-placeholder-width: 300px; --smush-placeholder-aspect-ratio: 300\/200;\" \/>Kalastusv\u00e4lineit\u00e4 on esill\u00e4 aina verkonkudonnasta suolattujen kalojen s\u00e4ilytysastioihin eli nelikoihin. Puuastioiden valmistus onkin aina liittynyt Vakka-Suomeen, kuten nimikin kertoo. Astioita ei tehty vain omiksi tarpeiksi, vaan niit\u00e4 on viety ulkomaillekin, varsinkin Ruotsiin. Erilaisiin puuastioihin voi tutustua esill\u00e4 olevassa pysyv\u00e4isn\u00e4yttelyss\u00e4. Yl\u00e4kerrasta l\u00f6ytyy runsaasti muihinkin ammatteihin liittyv\u00e4\u00e4 esineist\u00f6\u00e4 ja kouluihin liittyv\u00e4\u00e4 tietoutta kiertokouluajoista alkaen.<\/p>\n<p><strong>Virtuaalimatkalle museoon<\/strong><\/p>\n<p><a href=\"http:\/\/taivassalonmuseo.panoraamakuvat.fi\/\" target=\"_blank\" rel=\"noopener noreferrer\">T\u00e4st\u00e4 p\u00e4\u00e4set 360-virtuaalimatkalle Taivassalon museoon<\/a><\/p>\n<p>Voit kiert\u00e4\u00e4 n\u00e4kym\u00e4\u00e4 ja edet\u00e4 nuolen osoittamaan suuntaan. <strong>Hauskaa matkaa!<\/strong><\/p>\n","protected":false},"excerpt":{"rendered":"<p>Saksalaissyntyinen aatelismies Anders Garp sai Wiialan kyl\u00e4n maat haltuunsa 1370-luvulla. N\u00e4in sai alkunsa Viiasten kartano, joka oli Garp -Karpelainen &#8211; Carpelan suvulla 1374 &#8211; 1796. Nykyinen p\u00e4\u00e4rakennus on rakennettu 1779 &#8211; 1784 kartanon silloisen omistajan Gustaf Malmin ja h\u00e4nen Carpelan-sukuisen vaimonsa aikana. Rakennusmestarina oli Bertil Lustig. Alunperin rakennuksessa oli taitekatto ja punamullatut sein\u00e4t. Wittfooth-suvun aikana &hellip; <\/p>\n<p class=\"link-more\"><a href=\"https:\/\/www.taivassalo-seura.fi\/?page_id=45\" class=\"more-link\">Jatka lukemista<span class=\"screen-reader-text\"> &#8221;Viiasten kartano&#8221;<\/span><\/a><\/p>\n","protected":false},"author":1,"featured_media":0,"parent":0,"menu_order":0,"comment_status":"closed","ping_status":"closed","template":"","meta":{"footnotes":""},"_links":{"self":[{"href":"https:\/\/www.taivassalo-seura.fi\/index.php?rest_route=\/wp\/v2\/pages\/45"}],"collection":[{"href":"https:\/\/www.taivassalo-seura.fi\/index.php?rest_route=\/wp\/v2\/pages"}],"about":[{"href":"https:\/\/www.taivassalo-seura.fi\/index.php?rest_route=\/wp\/v2\/types\/page"}],"author":[{"embeddable":true,"href":"https:\/\/www.taivassalo-seura.fi\/index.php?rest_route=\/wp\/v2\/users\/1"}],"replies":[{"embeddable":true,"href":"https:\/\/www.taivassalo-seura.fi\/index.php?rest_route=%2Fwp%2Fv2%2Fcomments&post=45"}],"version-history":[{"count":1,"href":"https:\/\/www.taivassalo-seura.fi\/index.php?rest_route=\/wp\/v2\/pages\/45\/revisions"}],"predecessor-version":[{"id":1763,"href":"https:\/\/www.taivassalo-seura.fi\/index.php?rest_route=\/wp\/v2\/pages\/45\/revisions\/1763"}],"wp:attachment":[{"href":"https:\/\/www.taivassalo-seura.fi\/index.php?rest_route=%2Fwp%2Fv2%2Fmedia&parent=45"}],"curies":[{"name":"wp","href":"https:\/\/api.w.org\/{rel}","templated":true}]}}