{"id":374,"date":"2019-04-29T16:54:50","date_gmt":"2019-04-29T13:54:50","guid":{"rendered":"http:\/\/taivassalonmuseo.net\/?page_id=374"},"modified":"2022-07-19T11:54:54","modified_gmt":"2022-07-19T09:54:54","slug":"vehmassalmelt-kaitasil","status":"publish","type":"page","link":"https:\/\/www.taivassalo-seura.fi\/?page_id=374","title":{"rendered":"Vehmassalmelt Kaitasil"},"content":{"rendered":"\n<p><strong>Taivassalo-Seura ry k\u00e4ynnisti hankkeen, jonka tavoitteena on siirt\u00e4\u00e4 kotiseutuarkistossa olevaa kuvamateriaalia digitaaliseen muotoon. Hankerahoitus mahdollisti mm. digitointiin tarvittavien laitteiden hankinnan ja suunnitelman mukaisen henkil\u00f6st\u00f6n palkkaamisen. Tavoitteena on paikallistuntemuksen lis\u00e4\u00e4minen ja historiallisen tiedon saatavuuden parantaminen niin kuntalaisille kuin muillekin Taivassalon maineikkaasta historiasta kiinnostuneille. Digitoidussa muodossa tietoa voidaan hy\u00f6dynt\u00e4\u00e4 monipuolisesti mm. kouluissa, yliopistoissa, sukututkimuksessa ja matkailussa.<\/strong><\/p>\n\n\n\n<figure class=\"wp-block-gallery has-nested-images columns-default is-cropped wp-block-gallery-1 is-layout-flex wp-block-gallery-is-layout-flex\">\n<figure class=\"wp-block-image size-large\"><img decoding=\"async\" data-id=\"453\" data-src=\"https:\/\/taivassalonmuseo.files.wordpress.com\/2019\/12\/92_wp.jpg?w=764\" alt=\"Taivassalon ensimm\u00e4inen kuorma-auto\" class=\"wp-image-453 lazyload\" src=\"data:image\/svg+xml;base64,PHN2ZyB3aWR0aD0iMSIgaGVpZ2h0PSIxIiB4bWxucz0iaHR0cDovL3d3dy53My5vcmcvMjAwMC9zdmciPjwvc3ZnPg==\" \/><figcaption>Taivassalon ensimm\u00e4inen kuorma-auto<\/figcaption><\/figure>\n\n\n\n<figure class=\"wp-block-image size-large\"><img decoding=\"async\" data-id=\"454\" data-src=\"https:\/\/taivassalonmuseo.files.wordpress.com\/2019\/12\/3708_wp.jpg?w=764\" alt=\"Moottoripolkupy\u00f6r\u00e4\" class=\"wp-image-454 lazyload\" src=\"data:image\/svg+xml;base64,PHN2ZyB3aWR0aD0iMSIgaGVpZ2h0PSIxIiB4bWxucz0iaHR0cDovL3d3dy53My5vcmcvMjAwMC9zdmciPjwvc3ZnPg==\" \/><figcaption>Tuntematon nuorimies<\/figcaption><\/figure>\n\n\n\n<figure class=\"wp-block-image size-large\"><img decoding=\"async\" data-id=\"455\" data-src=\"https:\/\/taivassalonmuseo.files.wordpress.com\/2019\/12\/10624_wp.jpg?w=764\" alt=\"H\u00f6yrylaiva Vehmassalmi\" class=\"wp-image-455 lazyload\" src=\"data:image\/svg+xml;base64,PHN2ZyB3aWR0aD0iMSIgaGVpZ2h0PSIxIiB4bWxucz0iaHR0cDovL3d3dy53My5vcmcvMjAwMC9zdmciPjwvc3ZnPg==\" \/><figcaption>H\u00f6yrylaiva Vehmassalmi laiturissa<\/figcaption><\/figure>\n<\/figure>\n\n\n\n<p>Taivassalo-Seura liittyi elokuussa 2018 valtakunnalliseen topoteekki-verkkoarkistoon, johon on siirretty osa hankkeen aikana digitoitua materiaalia. <br><br><strong>Vanhat valokuvat digitoitavaksi<\/strong><br><br>Sinullakin voi olla vanhoja valokuvia, joita olisit valmis antamaan digitoitavaksi. Kuvamateriaali j\u00e4\u00e4 digitoinnin j\u00e4lkeen edelleen sinulle, ja t\u00e4ss\u00e4 yhteydess\u00e4 k\u00e4yd\u00e4\u00e4n l\u00e4pi my\u00f6s tekij\u00e4noikeuksiin liittyv\u00e4t asiat. <strong>Yksityishenkil\u00f6ilt\u00e4 toivotaan erityisesti saaristomaiseman muutosta ja saaristolaisten ty\u00f6h\u00f6n ja toimeentuloon liittyv\u00e4\u00e4 kuvamateriaalia.<\/strong><br><br>Vuoden 2019 aikana toteutettiin yhten\u00e4iskoulun yl\u00e4luokan kanssa projekti, jonka aiheena oli\u00a0<strong>Kotiseudun muuttuva maisema<\/strong>. Tuloksista rakennettiin n\u00e4yttely Viiasten kartanomuseoon t\u00e4ydennettyn\u00e4 <strong>Frans Arolan<\/strong> lasinegatiiville kuvaamille kuvilla. <br><br>Lis\u00e4ksi hankkeen aikana on j\u00e4rjestetty vanhojen valokuvien katselutilaisuuksia eri yhdistyksien kanssa. Tilaisuuksissa pyrittiin ajoittamaan esitettyjen kuvien kuvausajankohta ja -paikka sek\u00e4 tunnistamaan kuvassa olevat tuntemattomat henkil\u00f6t.<br><br>Taivassalo-Seura ry on vuonna 1960 perustettu kotiseutuyhdistys, jonka toiminnan tavoitteena on paikallisen historian ja kulttuuriperinn\u00f6n vaaliminen. Seura pyrkii my\u00f6s kehitt\u00e4m\u00e4\u00e4n Taivassalon kulttuuritarjontaa ja parantamaan alueen ymp\u00e4rist\u00f6n laatua sek\u00e4 ihmisten viihtyvyytt\u00e4.<br><br>Taivassalo-Seura yll\u00e4pit\u00e4\u00e4 vuonna 1970 perustettua Viiasten kartanomuseota, Ketarsalmella sijaitsevaa korsumuseota, 1800-luvun alkupuolelta olevaa Marjuksen rannan suolamakasiinia ja kunnan kotiseutuarkistoa.<br><br>Seura j\u00e4rjest\u00e4\u00e4 vuosittain erilaisia tapahtumia mm. kotiseutu- ja museop\u00e4ivi\u00e4, laulutapahtumia sek\u00e4 taide- ja teeman\u00e4yttelyit\u00e4.<br><br>Jos olet kiinnostunut seuran toiminnasta, ota yhteytt\u00e4 tai liity Taivassalo-Seura ry:n j\u00e4seneksi.<br><br><strong>Ota yhteytt\u00e4<\/strong>: \u00a0info@taivassalo-seura.fi <\/p>\n\n\n\n<p><\/p>\n\n\n\n<p><\/p>\n\n\n\n<p><\/p>\n\n\n\n<p><\/p>\n\n\n\n<p><\/p>\n\n\n\n<p><\/p>\n\n\n\n<p><\/p>\n\n\n\n<p><\/p>\n\n\n\n<p><\/p>\n\n\n\n<p><\/p>\n\n\n\n<p><\/p>\n\n\n\n<p><\/p>\n","protected":false},"excerpt":{"rendered":"<p>Taivassalo-Seura ry k\u00e4ynnisti hankkeen, jonka tavoitteena on siirt\u00e4\u00e4 kotiseutuarkistossa olevaa kuvamateriaalia digitaaliseen muotoon. Hankerahoitus mahdollisti mm. digitointiin tarvittavien laitteiden hankinnan ja suunnitelman mukaisen henkil\u00f6st\u00f6n palkkaamisen. Tavoitteena on paikallistuntemuksen lis\u00e4\u00e4minen ja historiallisen tiedon saatavuuden parantaminen niin kuntalaisille kuin muillekin Taivassalon maineikkaasta historiasta kiinnostuneille. Digitoidussa muodossa tietoa voidaan hy\u00f6dynt\u00e4\u00e4 monipuolisesti mm. kouluissa, yliopistoissa, sukututkimuksessa ja matkailussa. Taivassalo-Seura &hellip; <\/p>\n<p class=\"link-more\"><a href=\"https:\/\/www.taivassalo-seura.fi\/?page_id=374\" class=\"more-link\">Jatka lukemista<span class=\"screen-reader-text\"> &#8221;Vehmassalmelt Kaitasil&#8221;<\/span><\/a><\/p>\n","protected":false},"author":3,"featured_media":0,"parent":0,"menu_order":0,"comment_status":"closed","ping_status":"closed","template":"","meta":{"footnotes":""},"_links":{"self":[{"href":"https:\/\/www.taivassalo-seura.fi\/index.php?rest_route=\/wp\/v2\/pages\/374"}],"collection":[{"href":"https:\/\/www.taivassalo-seura.fi\/index.php?rest_route=\/wp\/v2\/pages"}],"about":[{"href":"https:\/\/www.taivassalo-seura.fi\/index.php?rest_route=\/wp\/v2\/types\/page"}],"author":[{"embeddable":true,"href":"https:\/\/www.taivassalo-seura.fi\/index.php?rest_route=\/wp\/v2\/users\/3"}],"replies":[{"embeddable":true,"href":"https:\/\/www.taivassalo-seura.fi\/index.php?rest_route=%2Fwp%2Fv2%2Fcomments&post=374"}],"version-history":[{"count":1,"href":"https:\/\/www.taivassalo-seura.fi\/index.php?rest_route=\/wp\/v2\/pages\/374\/revisions"}],"predecessor-version":[{"id":1868,"href":"https:\/\/www.taivassalo-seura.fi\/index.php?rest_route=\/wp\/v2\/pages\/374\/revisions\/1868"}],"wp:attachment":[{"href":"https:\/\/www.taivassalo-seura.fi\/index.php?rest_route=%2Fwp%2Fv2%2Fmedia&parent=374"}],"curies":[{"name":"wp","href":"https:\/\/api.w.org\/{rel}","templated":true}]}}