{"id":1798,"date":"2022-05-25T11:32:49","date_gmt":"2022-05-25T09:32:49","guid":{"rendered":"https:\/\/www.taivassalo-seura.fi\/?page_id=1798"},"modified":"2022-05-25T11:37:34","modified_gmt":"2022-05-25T09:37:34","slug":"topoteekki","status":"publish","type":"page","link":"https:\/\/www.taivassalo-seura.fi\/?page_id=1798","title":{"rendered":"Topoteekki"},"content":{"rendered":"\n<p>Sivulle on ker\u00e4tty p\u00e4\u00e4asiassa yksityishenkil\u00f6iden kotiarkistoista digitoituja vanhoja Taivassaloon liittyvi\u00e4 aineistoja, enimm\u00e4kseen kuvia ja asiakirjoja.<\/p>\n\n\n\n<p><a href=\"https:\/\/taivassalo.topoteekki.fi\/\" target=\"_blank\" rel=\"noreferrer noopener\">T\u00e4st\u00e4 linkist\u00e4 p\u00e4\u00e4set Taivassalon Topoteekkiin<\/a> (avautuu uuteen v\u00e4lilehteen)<\/p>\n","protected":false},"excerpt":{"rendered":"<p>Sivulle on ker\u00e4tty p\u00e4\u00e4asiassa yksityishenkil\u00f6iden kotiarkistoista digitoituja vanhoja Taivassaloon liittyvi\u00e4 aineistoja, enimm\u00e4kseen kuvia ja asiakirjoja. T\u00e4st\u00e4 linkist\u00e4 p\u00e4\u00e4set Taivassalon Topoteekkiin (avautuu uuteen v\u00e4lilehteen)<\/p>\n","protected":false},"author":1,"featured_media":0,"parent":0,"menu_order":0,"comment_status":"closed","ping_status":"closed","template":"","meta":{"footnotes":""},"_links":{"self":[{"href":"https:\/\/www.taivassalo-seura.fi\/index.php?rest_route=\/wp\/v2\/pages\/1798"}],"collection":[{"href":"https:\/\/www.taivassalo-seura.fi\/index.php?rest_route=\/wp\/v2\/pages"}],"about":[{"href":"https:\/\/www.taivassalo-seura.fi\/index.php?rest_route=\/wp\/v2\/types\/page"}],"author":[{"embeddable":true,"href":"https:\/\/www.taivassalo-seura.fi\/index.php?rest_route=\/wp\/v2\/users\/1"}],"replies":[{"embeddable":true,"href":"https:\/\/www.taivassalo-seura.fi\/index.php?rest_route=%2Fwp%2Fv2%2Fcomments&post=1798"}],"version-history":[{"count":3,"href":"https:\/\/www.taivassalo-seura.fi\/index.php?rest_route=\/wp\/v2\/pages\/1798\/revisions"}],"predecessor-version":[{"id":1802,"href":"https:\/\/www.taivassalo-seura.fi\/index.php?rest_route=\/wp\/v2\/pages\/1798\/revisions\/1802"}],"wp:attachment":[{"href":"https:\/\/www.taivassalo-seura.fi\/index.php?rest_route=%2Fwp%2Fv2%2Fmedia&parent=1798"}],"curies":[{"name":"wp","href":"https:\/\/api.w.org\/{rel}","templated":true}]}}