{"id":1496,"date":"2020-08-02T23:03:04","date_gmt":"2020-08-02T20:03:04","guid":{"rendered":"https:\/\/www.taivassalo-seura.fi\/?page_id=1496"},"modified":"2020-08-02T23:35:15","modified_gmt":"2020-08-02T20:35:15","slug":"meidan-taivassalo-valokuvakilpailun-voittajat-ja-palkitut","status":"publish","type":"page","link":"https:\/\/www.taivassalo-seura.fi\/?page_id=1496","title":{"rendered":"Meid\u00e4n Taivassalo -valokuvakilpailun voittajat ja palkitut"},"content":{"rendered":"\n<p>Meid\u00e4n Taivassalo -valokuvakilpailuun tuli yhteens\u00e4 88 valokuvaa. Kuvissa p\u00e4\u00e4osassa ovat merellinen rauha, sinisenharmaat usvan v\u00e4rit sek\u00e4 mystinen valon ja varjon leikki. Taivassalon kunta, Vakka-Suomen Sanomat ja Taivassalo-Seura arvioivat kukin tahoillaan kolmeen sarjaan jakautuneita valokuvia ja lopputulos yll\u00e4tti, sill\u00e4 eniten pisteit\u00e4 kertyi selke\u00e4sti samoille valokuville.<\/p>\n\n\n\n<p><strong>Sarja: luontokohde<\/strong><\/p>\n\n\n\n<p>1. sija: \u201dAave laiva\u201d<br>Kuvaaja Petri Heikola<br>Palkinto Taivassalo-koru<\/p>\n\n\n\n<figure class=\"wp-block-image size-large\"><img fetchpriority=\"high\" decoding=\"async\" width=\"703\" height=\"937\" src=\"https:\/\/www.taivassalo-seura.fi\/wp-content\/uploads\/2020\/08\/Aave-laiva-2020_07_01-08_50_51-UTC.jpg\" alt=\"\" class=\"wp-image-1388\" srcset=\"https:\/\/www.taivassalo-seura.fi\/wp-content\/uploads\/2020\/08\/Aave-laiva-2020_07_01-08_50_51-UTC.jpg 703w, https:\/\/www.taivassalo-seura.fi\/wp-content\/uploads\/2020\/08\/Aave-laiva-2020_07_01-08_50_51-UTC-225x300.jpg 225w\" sizes=\"(max-width: 703px) 100vw, 703px\" \/><figcaption>LUONTOKOHDE, Aave laiva, Petri Heikola<\/figcaption><\/figure>\n\n\n\n<p>2. sija: \u201dSatoi tai paistoi\u201d<br>Kuvaaja Maija Jensen<br>Palkinto Hakkenp\u00e4\u00e4st Pimi\u00e4kulmal, kuvateos Taivassalosta<\/p>\n\n\n\n<figure class=\"wp-block-image size-large\"><img decoding=\"async\" width=\"1024\" height=\"578\" data-src=\"https:\/\/www.taivassalo-seura.fi\/wp-content\/uploads\/2020\/08\/DSC_1710_1-2020_07_01-06_50_26-UTC-1024x578.jpg\" alt=\"\" class=\"wp-image-1395 lazyload\" data-srcset=\"https:\/\/www.taivassalo-seura.fi\/wp-content\/uploads\/2020\/08\/DSC_1710_1-2020_07_01-06_50_26-UTC-1024x578.jpg 1024w, https:\/\/www.taivassalo-seura.fi\/wp-content\/uploads\/2020\/08\/DSC_1710_1-2020_07_01-06_50_26-UTC-300x169.jpg 300w, https:\/\/www.taivassalo-seura.fi\/wp-content\/uploads\/2020\/08\/DSC_1710_1-2020_07_01-06_50_26-UTC-768x433.jpg 768w, https:\/\/www.taivassalo-seura.fi\/wp-content\/uploads\/2020\/08\/DSC_1710_1-2020_07_01-06_50_26-UTC-1536x867.jpg 1536w, https:\/\/www.taivassalo-seura.fi\/wp-content\/uploads\/2020\/08\/DSC_1710_1-2020_07_01-06_50_26-UTC-2048x1156.jpg 2048w\" data-sizes=\"(max-width: 767px) 89vw, (max-width: 1000px) 54vw, (max-width: 1071px) 543px, 580px\" src=\"data:image\/svg+xml;base64,PHN2ZyB3aWR0aD0iMSIgaGVpZ2h0PSIxIiB4bWxucz0iaHR0cDovL3d3dy53My5vcmcvMjAwMC9zdmciPjwvc3ZnPg==\" style=\"--smush-placeholder-width: 1024px; --smush-placeholder-aspect-ratio: 1024\/578;\" \/><figcaption>LUONTOKOHDE, Satoi tai paistoi, Maija Jensen<\/figcaption><\/figure>\n\n\n\n<p>3. sija: \u201dLaiturilla Mussalossa\u201d<br>Kuvaaja nimim. Eira<br>Palkinto Vakka-Suomessa kuvateos<\/p>\n\n\n\n<figure class=\"wp-block-image size-large\"><img decoding=\"async\" width=\"1024\" height=\"768\" data-src=\"https:\/\/www.taivassalo-seura.fi\/wp-content\/uploads\/2020\/08\/IMG_20191228_131911-2020_07_01-09_51_10-UTC-1024x768.jpg\" alt=\"\" class=\"wp-image-1405 lazyload\" data-srcset=\"https:\/\/www.taivassalo-seura.fi\/wp-content\/uploads\/2020\/08\/IMG_20191228_131911-2020_07_01-09_51_10-UTC-1024x768.jpg 1024w, https:\/\/www.taivassalo-seura.fi\/wp-content\/uploads\/2020\/08\/IMG_20191228_131911-2020_07_01-09_51_10-UTC-300x225.jpg 300w, https:\/\/www.taivassalo-seura.fi\/wp-content\/uploads\/2020\/08\/IMG_20191228_131911-2020_07_01-09_51_10-UTC-768x576.jpg 768w, https:\/\/www.taivassalo-seura.fi\/wp-content\/uploads\/2020\/08\/IMG_20191228_131911-2020_07_01-09_51_10-UTC-1536x1152.jpg 1536w, https:\/\/www.taivassalo-seura.fi\/wp-content\/uploads\/2020\/08\/IMG_20191228_131911-2020_07_01-09_51_10-UTC-2048x1536.jpg 2048w\" data-sizes=\"(max-width: 767px) 89vw, (max-width: 1000px) 54vw, (max-width: 1071px) 543px, 580px\" src=\"data:image\/svg+xml;base64,PHN2ZyB3aWR0aD0iMSIgaGVpZ2h0PSIxIiB4bWxucz0iaHR0cDovL3d3dy53My5vcmcvMjAwMC9zdmciPjwvc3ZnPg==\" style=\"--smush-placeholder-width: 1024px; --smush-placeholder-aspect-ratio: 1024\/768;\" \/><figcaption>LUONTOKOHDE, Laiturilla Mussalossa, NM: Eira<\/figcaption><\/figure>\n\n\n\n<p><strong>Sarja: Rakennettu alue<\/strong><\/p>\n\n\n\n<p>1. sija: \u201dVerkonpainot\u201d<br>Kuvaaja Annika Heikola<br>Palkinto Taivassalo-koru<\/p>\n\n\n\n<figure class=\"wp-block-image size-large\"><img decoding=\"async\" width=\"1024\" height=\"773\" data-src=\"https:\/\/www.taivassalo-seura.fi\/wp-content\/uploads\/2020\/08\/verkonpainot-2020_07_01-07_50_38-UTC-1024x773.jpg\" alt=\"\" class=\"wp-image-1433 lazyload\" data-srcset=\"https:\/\/www.taivassalo-seura.fi\/wp-content\/uploads\/2020\/08\/verkonpainot-2020_07_01-07_50_38-UTC-1024x773.jpg 1024w, https:\/\/www.taivassalo-seura.fi\/wp-content\/uploads\/2020\/08\/verkonpainot-2020_07_01-07_50_38-UTC-300x226.jpg 300w, https:\/\/www.taivassalo-seura.fi\/wp-content\/uploads\/2020\/08\/verkonpainot-2020_07_01-07_50_38-UTC-768x580.jpg 768w, https:\/\/www.taivassalo-seura.fi\/wp-content\/uploads\/2020\/08\/verkonpainot-2020_07_01-07_50_38-UTC.jpg 1170w\" data-sizes=\"(max-width: 767px) 89vw, (max-width: 1000px) 54vw, (max-width: 1071px) 543px, 580px\" src=\"data:image\/svg+xml;base64,PHN2ZyB3aWR0aD0iMSIgaGVpZ2h0PSIxIiB4bWxucz0iaHR0cDovL3d3dy53My5vcmcvMjAwMC9zdmciPjwvc3ZnPg==\" style=\"--smush-placeholder-width: 1024px; --smush-placeholder-aspect-ratio: 1024\/773;\" \/><figcaption>RAKENNETTU ALUE, Verkonpainot, Annika Heikola<\/figcaption><\/figure>\n\n\n\n<p>2. sija: \u201dKaitaisten silta\u201d<br>Kuvaaja Terttu Tikkanen<br>Palkinto Hakkenp\u00e4\u00e4st Pimi\u00e4kulmal, kuvateos Taivassalosta<\/p>\n\n\n\n<figure class=\"wp-block-image size-large\"><img decoding=\"async\" width=\"1024\" height=\"682\" data-src=\"https:\/\/www.taivassalo-seura.fi\/wp-content\/uploads\/2020\/08\/Kaitaisten-silta-23.4.2020-2020_07_01-06_50_26-UTC-1024x682.jpg\" alt=\"\" class=\"wp-image-1428 lazyload\" data-srcset=\"https:\/\/www.taivassalo-seura.fi\/wp-content\/uploads\/2020\/08\/Kaitaisten-silta-23.4.2020-2020_07_01-06_50_26-UTC-1024x682.jpg 1024w, https:\/\/www.taivassalo-seura.fi\/wp-content\/uploads\/2020\/08\/Kaitaisten-silta-23.4.2020-2020_07_01-06_50_26-UTC-300x200.jpg 300w, https:\/\/www.taivassalo-seura.fi\/wp-content\/uploads\/2020\/08\/Kaitaisten-silta-23.4.2020-2020_07_01-06_50_26-UTC-768x512.jpg 768w, https:\/\/www.taivassalo-seura.fi\/wp-content\/uploads\/2020\/08\/Kaitaisten-silta-23.4.2020-2020_07_01-06_50_26-UTC-1536x1024.jpg 1536w, https:\/\/www.taivassalo-seura.fi\/wp-content\/uploads\/2020\/08\/Kaitaisten-silta-23.4.2020-2020_07_01-06_50_26-UTC-2048x1365.jpg 2048w\" data-sizes=\"(max-width: 767px) 89vw, (max-width: 1000px) 54vw, (max-width: 1071px) 543px, 580px\" src=\"data:image\/svg+xml;base64,PHN2ZyB3aWR0aD0iMSIgaGVpZ2h0PSIxIiB4bWxucz0iaHR0cDovL3d3dy53My5vcmcvMjAwMC9zdmciPjwvc3ZnPg==\" style=\"--smush-placeholder-width: 1024px; --smush-placeholder-aspect-ratio: 1024\/682;\" \/><figcaption>RAKENNETTU ALUE, Kaitaisten silta, Terttu Tikkanen<\/figcaption><\/figure>\n\n\n\n<p>3. sija: \u201dKwaijoen silta Rouhussa\u201d<br>Kuvaaja Marja Laine<br>Palkinto Vakka-Suomessa kuvateos<\/p>\n\n\n\n<figure class=\"wp-block-image size-large\"><img decoding=\"async\" width=\"768\" height=\"1024\" data-src=\"https:\/\/www.taivassalo-seura.fi\/wp-content\/uploads\/2020\/08\/3.RAKENNETTU-YMP\u00c4RIST\u00d6_Kwaijoensilta-Rouhussa-2020_07_01-09_51_10-UTC-768x1024.jpg\" alt=\"\" class=\"wp-image-1373 lazyload\" data-srcset=\"https:\/\/www.taivassalo-seura.fi\/wp-content\/uploads\/2020\/08\/3.RAKENNETTU-YMP\u00c4RIST\u00d6_Kwaijoensilta-Rouhussa-2020_07_01-09_51_10-UTC-768x1024.jpg 768w, https:\/\/www.taivassalo-seura.fi\/wp-content\/uploads\/2020\/08\/3.RAKENNETTU-YMP\u00c4RIST\u00d6_Kwaijoensilta-Rouhussa-2020_07_01-09_51_10-UTC-225x300.jpg 225w, https:\/\/www.taivassalo-seura.fi\/wp-content\/uploads\/2020\/08\/3.RAKENNETTU-YMP\u00c4RIST\u00d6_Kwaijoensilta-Rouhussa-2020_07_01-09_51_10-UTC-1152x1536.jpg 1152w, https:\/\/www.taivassalo-seura.fi\/wp-content\/uploads\/2020\/08\/3.RAKENNETTU-YMP\u00c4RIST\u00d6_Kwaijoensilta-Rouhussa-2020_07_01-09_51_10-UTC-rotated.jpg 1500w\" data-sizes=\"(max-width: 767px) 89vw, (max-width: 1000px) 54vw, (max-width: 1071px) 543px, 580px\" src=\"data:image\/svg+xml;base64,PHN2ZyB3aWR0aD0iMSIgaGVpZ2h0PSIxIiB4bWxucz0iaHR0cDovL3d3dy53My5vcmcvMjAwMC9zdmciPjwvc3ZnPg==\" style=\"--smush-placeholder-width: 768px; --smush-placeholder-aspect-ratio: 768\/1024;\" \/><figcaption>LUONTOKOHDE, Kwaijoensilta Rouhussa, Marja Laine<\/figcaption><\/figure>\n\n\n\n<p><strong>Sarja: Rakennukset<\/strong><\/p>\n\n\n\n<p>1. sija: \u201dMaaginen joulu\u201d<br>Kuvaaja nimim. K Siusluoto<br>Palkinto Taivassalo-koru<\/p>\n\n\n\n<figure class=\"wp-block-image size-large\"><img decoding=\"async\" width=\"1024\" height=\"768\" data-src=\"https:\/\/www.taivassalo-seura.fi\/wp-content\/uploads\/2020\/08\/36AAE014-521F-4D0A-9D0D-DF411EB48378-2020_07_01-07_50_38-UTC-1024x768.jpg\" alt=\"\" class=\"wp-image-1453 lazyload\" data-srcset=\"https:\/\/www.taivassalo-seura.fi\/wp-content\/uploads\/2020\/08\/36AAE014-521F-4D0A-9D0D-DF411EB48378-2020_07_01-07_50_38-UTC-1024x768.jpg 1024w, https:\/\/www.taivassalo-seura.fi\/wp-content\/uploads\/2020\/08\/36AAE014-521F-4D0A-9D0D-DF411EB48378-2020_07_01-07_50_38-UTC-300x225.jpg 300w, https:\/\/www.taivassalo-seura.fi\/wp-content\/uploads\/2020\/08\/36AAE014-521F-4D0A-9D0D-DF411EB48378-2020_07_01-07_50_38-UTC-768x576.jpg 768w, https:\/\/www.taivassalo-seura.fi\/wp-content\/uploads\/2020\/08\/36AAE014-521F-4D0A-9D0D-DF411EB48378-2020_07_01-07_50_38-UTC-1536x1152.jpg 1536w, https:\/\/www.taivassalo-seura.fi\/wp-content\/uploads\/2020\/08\/36AAE014-521F-4D0A-9D0D-DF411EB48378-2020_07_01-07_50_38-UTC-2048x1536.jpg 2048w\" data-sizes=\"(max-width: 767px) 89vw, (max-width: 1000px) 54vw, (max-width: 1071px) 543px, 580px\" src=\"data:image\/svg+xml;base64,PHN2ZyB3aWR0aD0iMSIgaGVpZ2h0PSIxIiB4bWxucz0iaHR0cDovL3d3dy53My5vcmcvMjAwMC9zdmciPjwvc3ZnPg==\" style=\"--smush-placeholder-width: 1024px; --smush-placeholder-aspect-ratio: 1024\/768;\" \/><figcaption>RAKENNUKSET, Maaginen joulu, NM: K Siusluoto<\/figcaption><\/figure>\n\n\n\n<p>2. sija \u201dSavusauna\u201d<br>Kuvaaja Annika Heikola<br>Palkinto Hakkenp\u00e4\u00e4st Pimi\u00e4kulmal, kuvateos Taivassalosta<\/p>\n\n\n\n<figure class=\"wp-block-image size-large\"><img decoding=\"async\" width=\"1024\" height=\"773\" data-src=\"https:\/\/www.taivassalo-seura.fi\/wp-content\/uploads\/2020\/08\/savusauna-2020_07_01-07_50_38-UTC-1024x773.jpg\" alt=\"\" class=\"wp-image-1449 lazyload\" data-srcset=\"https:\/\/www.taivassalo-seura.fi\/wp-content\/uploads\/2020\/08\/savusauna-2020_07_01-07_50_38-UTC-1024x773.jpg 1024w, https:\/\/www.taivassalo-seura.fi\/wp-content\/uploads\/2020\/08\/savusauna-2020_07_01-07_50_38-UTC-300x226.jpg 300w, https:\/\/www.taivassalo-seura.fi\/wp-content\/uploads\/2020\/08\/savusauna-2020_07_01-07_50_38-UTC-768x579.jpg 768w, https:\/\/www.taivassalo-seura.fi\/wp-content\/uploads\/2020\/08\/savusauna-2020_07_01-07_50_38-UTC.jpg 1250w\" data-sizes=\"(max-width: 767px) 89vw, (max-width: 1000px) 54vw, (max-width: 1071px) 543px, 580px\" src=\"data:image\/svg+xml;base64,PHN2ZyB3aWR0aD0iMSIgaGVpZ2h0PSIxIiB4bWxucz0iaHR0cDovL3d3dy53My5vcmcvMjAwMC9zdmciPjwvc3ZnPg==\" style=\"--smush-placeholder-width: 1024px; --smush-placeholder-aspect-ratio: 1024\/773;\" \/><figcaption>RAKENNUKSET, Savusauna, Annika Heikola<\/figcaption><\/figure>\n\n\n\n<p>3. sija \u201dJ\u00e4rppil\u00e4n kartanon vanha kuivurirakennus\u201d<br>Kuvaaja Juhani Harkas<br>Palkinto Vakka-Suomessa kuvateos<\/p>\n\n\n\n<figure class=\"wp-block-image size-large\"><img decoding=\"async\" width=\"1024\" height=\"683\" data-src=\"https:\/\/www.taivassalo-seura.fi\/wp-content\/uploads\/2020\/08\/karta3-2020_07_01-08_50_51-UTC-1024x683.jpg\" alt=\"\" class=\"wp-image-1466 lazyload\" data-srcset=\"https:\/\/www.taivassalo-seura.fi\/wp-content\/uploads\/2020\/08\/karta3-2020_07_01-08_50_51-UTC-1024x683.jpg 1024w, https:\/\/www.taivassalo-seura.fi\/wp-content\/uploads\/2020\/08\/karta3-2020_07_01-08_50_51-UTC-300x200.jpg 300w, https:\/\/www.taivassalo-seura.fi\/wp-content\/uploads\/2020\/08\/karta3-2020_07_01-08_50_51-UTC-768x512.jpg 768w, https:\/\/www.taivassalo-seura.fi\/wp-content\/uploads\/2020\/08\/karta3-2020_07_01-08_50_51-UTC-1536x1025.jpg 1536w, https:\/\/www.taivassalo-seura.fi\/wp-content\/uploads\/2020\/08\/karta3-2020_07_01-08_50_51-UTC-2048x1366.jpg 2048w\" data-sizes=\"(max-width: 767px) 89vw, (max-width: 1000px) 54vw, (max-width: 1071px) 543px, 580px\" src=\"data:image\/svg+xml;base64,PHN2ZyB3aWR0aD0iMSIgaGVpZ2h0PSIxIiB4bWxucz0iaHR0cDovL3d3dy53My5vcmcvMjAwMC9zdmciPjwvc3ZnPg==\" style=\"--smush-placeholder-width: 1024px; --smush-placeholder-aspect-ratio: 1024\/683;\" \/><figcaption>RAKENNUKSET, J\u00e4rppil\u00e4n kartanon vanha kuivurirakennus, Juhani Harkas<\/figcaption><\/figure>\n\n\n\n<p><strong>Yleis\u00f6\u00e4\u00e4nestyksen tulokset, yht. 306 annettua \u00e4\u00e4nt\u00e4<\/strong><\/p>\n\n\n\n<p>1. sija (68 \u00e4\u00e4nt\u00e4) \u201dKwaijoen silta Rouhussa\u201d<br>Kuvaaja Marja Laine<br>Palkinto Harri Veistisen taulu \u201dSilak nelikot\u201d<\/p>\n\n\n\n<p>2. sija (59 \u00e4\u00e4nt\u00e4) \u201dMaaginen joulu\u201d<br>Kuvaaja nimim. K Siusluoto<br>Palkinto Vakka-Suomen Sanomien lahjakortti<\/p>\n\n\n\n<p>3. sija (48 \u00e4\u00e4nt\u00e4) \u201dAave laiva\u201d<br>Kuvaaja Petri Heikola<br>Palkinto PK-Puun lahjakortti<\/p>\n\n\n\n<p>\u00c4\u00e4nest\u00e4neiden kesken arvotun taidekirja-palkinnon voitti Jaana Kuusisto<\/p>\n\n\n\n<p><strong>Onnea voittajille!<\/strong><\/p>\n\n\n\n<p>Katso kaikki kilpailuun osallistuneet kuvat <a href=\"https:\/\/www.taivassalo-seura.fi\/?rl_gallery=kilpailukuvat-2020\">t\u00e4\u00e4lt\u00e4<\/a>.<\/p>\n","protected":false},"excerpt":{"rendered":"<p>Meid\u00e4n Taivassalo -valokuvakilpailuun tuli yhteens\u00e4 88 valokuvaa. Kuvissa p\u00e4\u00e4osassa ovat merellinen rauha, sinisenharmaat usvan v\u00e4rit sek\u00e4 mystinen valon ja varjon leikki. Taivassalon kunta, Vakka-Suomen Sanomat ja Taivassalo-Seura arvioivat kukin tahoillaan kolmeen sarjaan jakautuneita valokuvia ja lopputulos yll\u00e4tti, sill\u00e4 eniten pisteit\u00e4 kertyi selke\u00e4sti samoille valokuville. Sarja: luontokohde 1. sija: \u201dAave laiva\u201dKuvaaja Petri HeikolaPalkinto Taivassalo-koru 2. sija: &hellip; <\/p>\n<p class=\"link-more\"><a href=\"https:\/\/www.taivassalo-seura.fi\/?page_id=1496\" class=\"more-link\">Jatka lukemista<span class=\"screen-reader-text\"> &#8221;Meid\u00e4n Taivassalo -valokuvakilpailun voittajat ja palkitut&#8221;<\/span><\/a><\/p>\n","protected":false},"author":5,"featured_media":0,"parent":0,"menu_order":0,"comment_status":"closed","ping_status":"closed","template":"","meta":{"footnotes":""},"_links":{"self":[{"href":"https:\/\/www.taivassalo-seura.fi\/index.php?rest_route=\/wp\/v2\/pages\/1496"}],"collection":[{"href":"https:\/\/www.taivassalo-seura.fi\/index.php?rest_route=\/wp\/v2\/pages"}],"about":[{"href":"https:\/\/www.taivassalo-seura.fi\/index.php?rest_route=\/wp\/v2\/types\/page"}],"author":[{"embeddable":true,"href":"https:\/\/www.taivassalo-seura.fi\/index.php?rest_route=\/wp\/v2\/users\/5"}],"replies":[{"embeddable":true,"href":"https:\/\/www.taivassalo-seura.fi\/index.php?rest_route=%2Fwp%2Fv2%2Fcomments&post=1496"}],"version-history":[{"count":3,"href":"https:\/\/www.taivassalo-seura.fi\/index.php?rest_route=\/wp\/v2\/pages\/1496\/revisions"}],"predecessor-version":[{"id":1562,"href":"https:\/\/www.taivassalo-seura.fi\/index.php?rest_route=\/wp\/v2\/pages\/1496\/revisions\/1562"}],"wp:attachment":[{"href":"https:\/\/www.taivassalo-seura.fi\/index.php?rest_route=%2Fwp%2Fv2%2Fmedia&parent=1496"}],"curies":[{"name":"wp","href":"https:\/\/api.w.org\/{rel}","templated":true}]}}