{"id":1272,"date":"2024-06-19T11:20:15","date_gmt":"2024-06-19T09:20:15","guid":{"rendered":"https:\/\/www.taivassalo-seura.fi\/?page_id=1272"},"modified":"2025-08-08T16:42:59","modified_gmt":"2025-08-08T14:42:59","slug":"nayttelyt-ja-tapahtumat","status":"publish","type":"page","link":"https:\/\/www.taivassalo-seura.fi\/?page_id=1272","title":{"rendered":"N\u00e4yttelyt ja tapahtumat"},"content":{"rendered":"\t\t<div data-elementor-type=\"wp-page\" data-elementor-id=\"1272\" class=\"elementor elementor-1272\">\n\t\t\t\t\t\t<section class=\"elementor-section elementor-top-section elementor-element elementor-element-68fab0ad elementor-section-boxed elementor-section-height-default elementor-section-height-default\" data-id=\"68fab0ad\" data-element_type=\"section\">\n\t\t\t\t\t\t<div class=\"elementor-container elementor-column-gap-default\">\n\t\t\t\t\t<div class=\"elementor-column elementor-col-100 elementor-top-column elementor-element elementor-element-40df11c\" data-id=\"40df11c\" data-element_type=\"column\">\n\t\t\t<div class=\"elementor-widget-wrap elementor-element-populated\">\n\t\t\t\t\t\t<div class=\"elementor-element elementor-element-31f60043 elementor-widget elementor-widget-text-editor\" data-id=\"31f60043\" data-element_type=\"widget\" data-widget_type=\"text-editor.default\">\n\t\t\t\t<div class=\"elementor-widget-container\">\n\t\t\t\t\t\t\t<p><\/p>\n<p><strong style=\"font-size: 1rem;\">&nbsp;<\/strong><strong style=\"font-size: 1rem;\">Varsinais-Suomen museop\u00e4iv\u00e4<\/strong><span style=\"font-size: 1rem;\">&nbsp;&nbsp;&nbsp;<\/span><\/p><p><span style=\"font-size: 1rem;\">Sunnuntaina 31.8.&nbsp;&nbsp; klo 11.00-15.00,<\/span><\/p>\n<p>Vapaa p\u00e4\u00e4sy museolla Ty\u00f6n\u00e4yt\u00f6ksi\u00e4 vanhoilla koneilla ym.<\/p>\n<p>Muina aikoina sopimuksen mukaan.<\/p>\n<p><strong>Korsumuseo<\/strong> Hylkil\u00e4ntie 45<\/p>\n<p>Tukikohta Motti avoimet ovet korsulla perjantaina 15.8 klo 14.00 \u2013 17.00<\/p>\n<p><strong>Ryhm\u00e4varaukset ja opastukset tiedustelut \/ tilaukset<\/strong><\/p>\n<p>puh. 0449147573 tai 040 5540713<\/p>\n<p>Museon kahvila palvelee museon aukioloaikana.<\/p>\n<p>Tervetuloa<\/p>\n<p><em>Muutokset mahdollisia.<\/em><\/p>\n<p><!-- \/wp:paragraph --><\/p>\t\t\t\t\t\t<\/div>\n\t\t\t\t<\/div>\n\t\t\t\t\t<\/div>\n\t\t<\/div>\n\t\t\t\t\t<\/div>\n\t\t<\/section>\n\t\t\t\t<\/div>\n\t\t","protected":false},"excerpt":{"rendered":"<p>&nbsp;Varsinais-Suomen museop\u00e4iv\u00e4&nbsp;&nbsp;&nbsp; Sunnuntaina 31.8.&nbsp;&nbsp; klo 11.00-15.00, Vapaa p\u00e4\u00e4sy museolla Ty\u00f6n\u00e4yt\u00f6ksi\u00e4 vanhoilla koneilla ym. Muina aikoina sopimuksen mukaan. Korsumuseo Hylkil\u00e4ntie 45 Tukikohta Motti avoimet ovet korsulla perjantaina 15.8 klo 14.00 \u2013 17.00 Ryhm\u00e4varaukset ja opastukset tiedustelut \/ tilaukset puh. 0449147573 tai 040 5540713 Museon kahvila palvelee museon aukioloaikana. Tervetuloa Muutokset mahdollisia.<\/p>\n","protected":false},"author":1,"featured_media":0,"parent":0,"menu_order":0,"comment_status":"closed","ping_status":"closed","template":"","meta":{"footnotes":""},"_links":{"self":[{"href":"https:\/\/www.taivassalo-seura.fi\/index.php?rest_route=\/wp\/v2\/pages\/1272"}],"collection":[{"href":"https:\/\/www.taivassalo-seura.fi\/index.php?rest_route=\/wp\/v2\/pages"}],"about":[{"href":"https:\/\/www.taivassalo-seura.fi\/index.php?rest_route=\/wp\/v2\/types\/page"}],"author":[{"embeddable":true,"href":"https:\/\/www.taivassalo-seura.fi\/index.php?rest_route=\/wp\/v2\/users\/1"}],"replies":[{"embeddable":true,"href":"https:\/\/www.taivassalo-seura.fi\/index.php?rest_route=%2Fwp%2Fv2%2Fcomments&post=1272"}],"version-history":[{"count":61,"href":"https:\/\/www.taivassalo-seura.fi\/index.php?rest_route=\/wp\/v2\/pages\/1272\/revisions"}],"predecessor-version":[{"id":2277,"href":"https:\/\/www.taivassalo-seura.fi\/index.php?rest_route=\/wp\/v2\/pages\/1272\/revisions\/2277"}],"wp:attachment":[{"href":"https:\/\/www.taivassalo-seura.fi\/index.php?rest_route=%2Fwp%2Fv2%2Fmedia&parent=1272"}],"curies":[{"name":"wp","href":"https:\/\/api.w.org\/{rel}","templated":true}]}}